{"id":9,"date":"2023-09-05T08:26:54","date_gmt":"2023-09-05T06:26:54","guid":{"rendered":"http:\/\/szentandrasivizsla.hu\/?page_id=9"},"modified":"2023-10-05T20:05:23","modified_gmt":"2023-10-05T18:05:23","slug":"kutyaink","status":"publish","type":"page","link":"https:\/\/szentandrasivizsla.hu\/en\/kutyaink\/","title":{"rendered":"Our dogs"},"content":{"rendered":"<div data-elementor-type=\"wp-page\" data-elementor-id=\"9\" class=\"elementor elementor-9\">\n\t\t\t\t\t\t\t\t\t<section class=\"elementor-section elementor-top-section elementor-element elementor-element-6c6795fd elementor-section-stretched elementor-section-height-min-height elementor-section-boxed elementor-section-height-default elementor-section-items-middle\" data-id=\"6c6795fd\" data-element_type=\"section\" data-settings=\"{&quot;stretch_section&quot;:&quot;section-stretched&quot;,&quot;motion_fx_motion_fx_scrolling&quot;:&quot;yes&quot;,&quot;background_background&quot;:&quot;classic&quot;,&quot;motion_fx_devices&quot;:[&quot;desktop&quot;,&quot;tablet&quot;,&quot;mobile&quot;]}\">\n\t\t\t\t\t\t\t<div class=\"elementor-background-overlay\"><\/div>\n\t\t\t\t\t\t\t<div class=\"elementor-container elementor-column-gap-default\">\n\t\t\t\t\t<div class=\"elementor-column elementor-col-100 elementor-top-column elementor-element elementor-element-129b6233\" data-id=\"129b6233\" data-element_type=\"column\">\n\t\t\t<div class=\"elementor-widget-wrap elementor-element-populated\">\n\t\t\t\t\t\t\t\t<div class=\"elementor-element elementor-element-2518c210 elementor-widget elementor-widget-heading\" data-id=\"2518c210\" data-element_type=\"widget\" data-widget_type=\"heading.default\">\n\t\t\t\t<div class=\"elementor-widget-container\">\n\t\t\t<style>\/*! elementor - v3.15.0 - 20-08-2023 *\/\n.elementor-heading-title{padding:0;margin:0;line-height:1}.elementor-widget-heading .elementor-heading-title[class*=elementor-size-]>a{color:inherit;font-size:inherit;line-height:inherit}.elementor-widget-heading .elementor-heading-title.elementor-size-small{font-size:15px}.elementor-widget-heading .elementor-heading-title.elementor-size-medium{font-size:19px}.elementor-widget-heading .elementor-heading-title.elementor-size-large{font-size:29px}.elementor-widget-heading .elementor-heading-title.elementor-size-xl{font-size:39px}.elementor-widget-heading .elementor-heading-title.elementor-size-xxl{font-size:59px}<\/style><h1 class=\"elementor-heading-title elementor-size-default\">Our dogs<\/h1>\t\t<\/div>\n\t\t\t\t<\/div>\n\t\t\t\t\t<\/div>\n\t\t<\/div>\n\t\t\t\t\t\t\t<\/div>\n\t\t<\/section>\n\t\t\t\t<section class=\"elementor-section elementor-top-section elementor-element elementor-element-94c0722 elementor-section-boxed elementor-section-height-default elementor-section-height-default\" data-id=\"94c0722\" data-element_type=\"section\">\n\t\t\t\t\t\t<div class=\"elementor-container elementor-column-gap-default\">\n\t\t\t\t\t<div class=\"elementor-column elementor-col-100 elementor-top-column elementor-element elementor-element-842a43c\" data-id=\"842a43c\" data-element_type=\"column\">\n\t\t\t<div class=\"elementor-widget-wrap elementor-element-populated\">\n\t\t\t\t\t\t\t\t<div class=\"elementor-element elementor-element-ad3be0d elementor-widget elementor-widget-text-editor\" data-id=\"ad3be0d\" data-element_type=\"widget\" data-widget_type=\"text-editor.default\">\n\t\t\t\t<div class=\"elementor-widget-container\">\n\t\t\t<style>\/*! elementor - v3.15.0 - 20-08-2023 *\/\n.elementor-widget-text-editor.elementor-drop-cap-view-stacked .elementor-drop-cap{background-color:#69727d;color:#fff}.elementor-widget-text-editor.elementor-drop-cap-view-framed .elementor-drop-cap{color:#69727d;border:3px solid;background-color:transparent}.elementor-widget-text-editor:not(.elementor-drop-cap-view-default) .elementor-drop-cap{margin-top:8px}.elementor-widget-text-editor:not(.elementor-drop-cap-view-default) .elementor-drop-cap-letter{width:1em;height:1em}.elementor-widget-text-editor .elementor-drop-cap{float:left;text-align:center;line-height:1;font-size:50px}.elementor-widget-text-editor .elementor-drop-cap-letter{display:inline-block}<\/style>\t\t\t\tSzigetk\u00f6z Sz\u00e9pe Atalant\u00e9 ( Mang\u00f3 )\t\t\t\t\t\t<\/div>\n\t\t\t\t<\/div>\n\t\t\t\t<div class=\"elementor-element elementor-element-9a58fc0 elementor-widget elementor-widget-text-editor\" data-id=\"9a58fc0\" data-element_type=\"widget\" data-widget_type=\"text-editor.default\">\n\t\t\t\t<div class=\"elementor-widget-container\">\n\t\t\t\t\t\t\t(Vad\u00e1szfai Zar\u00e1ndok x F\u00fcsti Ezerj\u00f3 Alibi)\t\t\t\t\t\t<\/div>\n\t\t\t\t<\/div>\n\t\t\t\t\t<\/div>\n\t\t<\/div>\n\t\t\t\t\t\t\t<\/div>\n\t\t<\/section>\n\t\t\t\t<section class=\"elementor-section elementor-top-section elementor-element elementor-element-31125db elementor-section-boxed elementor-section-height-default elementor-section-height-default\" data-id=\"31125db\" data-element_type=\"section\">\n\t\t\t\t\t\t<div class=\"elementor-container elementor-column-gap-default\">\n\t\t\t\t\t<div class=\"elementor-column elementor-col-50 elementor-top-column elementor-element elementor-element-1297072\" data-id=\"1297072\" data-element_type=\"column\">\n\t\t\t<div class=\"elementor-widget-wrap elementor-element-populated\">\n\t\t\t\t\t\t\t\t<div class=\"elementor-element elementor-element-c3c7e96 elementor-widget elementor-widget-image\" data-id=\"c3c7e96\" data-element_type=\"widget\" data-widget_type=\"image.default\">\n\t\t\t\t<div class=\"elementor-widget-container\">\n\t\t\t<style>\/*! elementor - v3.15.0 - 20-08-2023 *\/\n.elementor-widget-image{text-align:center}.elementor-widget-image a{display:inline-block}.elementor-widget-image a img[src$=\".svg\"]{width:48px}.elementor-widget-image img{vertical-align:middle;display:inline-block}<\/style>\t\t\t\t\t\t\t\t\t\t\t\t<img decoding=\"async\" width=\"640\" height=\"960\" src=\"https:\/\/szentandrasivizsla.hu\/wp-content\/uploads\/2023\/09\/IMG_6630-Enhanced-NR.jpg-masolata-683x1024.jpg\" class=\"attachment-large size-large wp-image-193\" alt=\"\" loading=\"lazy\" srcset=\"https:\/\/szentandrasivizsla.hu\/wp-content\/uploads\/2023\/09\/IMG_6630-Enhanced-NR.jpg-masolata-683x1024.jpg 683w, https:\/\/szentandrasivizsla.hu\/wp-content\/uploads\/2023\/09\/IMG_6630-Enhanced-NR.jpg-masolata-200x300.jpg 200w, https:\/\/szentandrasivizsla.hu\/wp-content\/uploads\/2023\/09\/IMG_6630-Enhanced-NR.jpg-masolata-768x1152.jpg 768w, https:\/\/szentandrasivizsla.hu\/wp-content\/uploads\/2023\/09\/IMG_6630-Enhanced-NR.jpg-masolata-1024x1536.jpg 1024w, https:\/\/szentandrasivizsla.hu\/wp-content\/uploads\/2023\/09\/IMG_6630-Enhanced-NR.jpg-masolata-1365x2048.jpg 1365w, https:\/\/szentandrasivizsla.hu\/wp-content\/uploads\/2023\/09\/IMG_6630-Enhanced-NR.jpg-masolata-scaled.jpg 1707w\" sizes=\"(max-width: 640px) 100vw, 640px\" \/>\t\t\t\t\t\t\t\t\t\t\t\t\t\t\t<\/div>\n\t\t\t\t<\/div>\n\t\t\t\t\t<\/div>\n\t\t<\/div>\n\t\t\t\t<div class=\"elementor-column elementor-col-50 elementor-top-column elementor-element elementor-element-56ead51\" data-id=\"56ead51\" data-element_type=\"column\">\n\t\t\t<div class=\"elementor-widget-wrap elementor-element-populated\">\n\t\t\t\t\t\t\t\t<div class=\"elementor-element elementor-element-f36cfc7 elementor-widget elementor-widget-image\" data-id=\"f36cfc7\" data-element_type=\"widget\" data-widget_type=\"image.default\">\n\t\t\t\t<div class=\"elementor-widget-container\">\n\t\t\t\t\t\t\t\t\t\t\t\t\t\t\t<img decoding=\"async\" width=\"640\" height=\"961\" src=\"https:\/\/szentandrasivizsla.hu\/wp-content\/uploads\/2023\/09\/IMG_6493-Enhanced-NR2-682x1024.jpg\" class=\"attachment-large size-large wp-image-192\" alt=\"\" loading=\"lazy\" srcset=\"https:\/\/szentandrasivizsla.hu\/wp-content\/uploads\/2023\/09\/IMG_6493-Enhanced-NR2-682x1024.jpg 682w, https:\/\/szentandrasivizsla.hu\/wp-content\/uploads\/2023\/09\/IMG_6493-Enhanced-NR2-200x300.jpg 200w, https:\/\/szentandrasivizsla.hu\/wp-content\/uploads\/2023\/09\/IMG_6493-Enhanced-NR2-768x1152.jpg 768w, https:\/\/szentandrasivizsla.hu\/wp-content\/uploads\/2023\/09\/IMG_6493-Enhanced-NR2-1024x1536.jpg 1024w, https:\/\/szentandrasivizsla.hu\/wp-content\/uploads\/2023\/09\/IMG_6493-Enhanced-NR2-1365x2048.jpg 1365w, https:\/\/szentandrasivizsla.hu\/wp-content\/uploads\/2023\/09\/IMG_6493-Enhanced-NR2-scaled.jpg 1706w\" sizes=\"(max-width: 640px) 100vw, 640px\" \/>\t\t\t\t\t\t\t\t\t\t\t\t\t\t\t<\/div>\n\t\t\t\t<\/div>\n\t\t\t\t\t<\/div>\n\t\t<\/div>\n\t\t\t\t\t\t\t<\/div>\n\t\t<\/section>\n\t\t\t\t<section class=\"elementor-section elementor-top-section elementor-element elementor-element-9c8a2e2 elementor-section-boxed elementor-section-height-default elementor-section-height-default\" data-id=\"9c8a2e2\" data-element_type=\"section\">\n\t\t\t\t\t\t<div class=\"elementor-container elementor-column-gap-default\">\n\t\t\t\t\t<div class=\"elementor-column elementor-col-100 elementor-top-column elementor-element elementor-element-5779841\" data-id=\"5779841\" data-element_type=\"column\">\n\t\t\t<div class=\"elementor-widget-wrap elementor-element-populated\">\n\t\t\t\t\t\t\t\t<div class=\"elementor-element elementor-element-0b974df elementor-widget elementor-widget-text-editor\" data-id=\"0b974df\" data-element_type=\"widget\" data-widget_type=\"text-editor.default\">\n\t\t\t\t<div class=\"elementor-widget-container\">\n\t\t\t\t\t\t\tDob: 2021. 04. 20.\t\t\t\t\t\t<\/div>\n\t\t\t\t<\/div>\n\t\t\t\t<div class=\"elementor-element elementor-element-3e27672 elementor-widget elementor-widget-heading\" data-id=\"3e27672\" data-element_type=\"widget\" data-widget_type=\"heading.default\">\n\t\t\t\t<div class=\"elementor-widget-container\">\n\t\t\t<h2 class=\"elementor-heading-title elementor-size-default\">Show results:<\/h2>\t\t<\/div>\n\t\t\t\t<\/div>\n\t\t\t\t<div class=\"elementor-element elementor-element-6697055 elementor-widget elementor-widget-text-editor\" data-id=\"6697055\" data-element_type=\"widget\" data-widget_type=\"text-editor.default\">\n\t\t\t\t<div class=\"elementor-widget-container\">\n\t\t\t\t\t\t\tHJCH, HSCH, HDGY, Best Minor Puppy, Best Puppy, 4x CAC, 1x CACIB, 1xBOS, BOS BIS I. place\t\t\t\t\t\t<\/div>\n\t\t\t\t<\/div>\n\t\t\t\t<div class=\"elementor-element elementor-element-28148a0 elementor-widget elementor-widget-heading\" data-id=\"28148a0\" data-element_type=\"widget\" data-widget_type=\"heading.default\">\n\t\t\t\t<div class=\"elementor-widget-container\">\n\t\t\t<h2 class=\"elementor-heading-title elementor-size-default\">Work:<\/h2>\t\t<\/div>\n\t\t\t\t<\/div>\n\t\t\t\t<div class=\"elementor-element elementor-element-fcd58f1 elementor-widget elementor-widget-text-editor\" data-id=\"fcd58f1\" data-element_type=\"widget\" data-widget_type=\"text-editor.default\">\n\t\t\t\t<div class=\"elementor-widget-container\">\n\t\t\t\t\t\t\tVAV, VMV\t\t\t\t\t\t<\/div>\n\t\t\t\t<\/div>\n\t\t\t\t<div class=\"elementor-element elementor-element-4f9c657 elementor-widget elementor-widget-heading\" data-id=\"4f9c657\" data-element_type=\"widget\" data-widget_type=\"heading.default\">\n\t\t\t\t<div class=\"elementor-widget-container\">\n\t\t\t<h2 class=\"elementor-heading-title elementor-size-default\">Health screenings:<\/h2>\t\t<\/div>\n\t\t\t\t<\/div>\n\t\t\t\t<div class=\"elementor-element elementor-element-954ca2b elementor-widget elementor-widget-text-editor\" data-id=\"954ca2b\" data-element_type=\"widget\" data-widget_type=\"text-editor.default\">\n\t\t\t\t<div class=\"elementor-widget-container\">\n\t\t\t\t\t\t\t<p>HD-A , ED-0 , SD-0<\/p>\t\t\t\t\t\t<\/div>\n\t\t\t\t<\/div>\n\t\t\t\t\t<\/div>\n\t\t<\/div>\n\t\t\t\t\t\t\t<\/div>\n\t\t<\/section>\n\t\t\t\t<section class=\"elementor-section elementor-top-section elementor-element elementor-element-877b07e elementor-section-boxed elementor-section-height-default elementor-section-height-default\" data-id=\"877b07e\" data-element_type=\"section\">\n\t\t\t\t\t\t<div class=\"elementor-container elementor-column-gap-default\">\n\t\t\t\t\t<div class=\"elementor-column elementor-col-50 elementor-top-column elementor-element elementor-element-deb9fc9\" data-id=\"deb9fc9\" data-element_type=\"column\">\n\t\t\t<div class=\"elementor-widget-wrap elementor-element-populated\">\n\t\t\t\t\t\t\t\t<div class=\"elementor-element elementor-element-88a570b elementor-widget elementor-widget-image\" data-id=\"88a570b\" data-element_type=\"widget\" data-widget_type=\"image.default\">\n\t\t\t\t<div class=\"elementor-widget-container\">\n\t\t\t\t\t\t\t\t\t\t\t\t\t\t\t\t<a href=\"http:\/\/szentandrasivizsla.hu\/wp-content\/uploads\/2023\/09\/engedely.jpeg\" data-elementor-open-lightbox=\"yes\" data-elementor-lightbox-title=\"engedely\" data-e-action-hash=\"#elementor-action%3Aaction%3Dlightbox%26settings%3DeyJpZCI6MzM5LCJ1cmwiOiJodHRwczpcL1wvc3plbnRhbmRyYXNpdml6c2xhLmh1XC93cC1jb250ZW50XC91cGxvYWRzXC8yMDIzXC8wOVwvZW5nZWRlbHkuanBlZyJ9\">\n\t\t\t\t\t\t\t<img decoding=\"async\" width=\"640\" height=\"450\" src=\"https:\/\/szentandrasivizsla.hu\/wp-content\/uploads\/2023\/09\/engedely.jpeg\" class=\"attachment-large size-large wp-image-339\" alt=\"\" loading=\"lazy\" srcset=\"https:\/\/szentandrasivizsla.hu\/wp-content\/uploads\/2023\/09\/engedely.jpeg 951w, https:\/\/szentandrasivizsla.hu\/wp-content\/uploads\/2023\/09\/engedely-300x211.jpeg 300w, https:\/\/szentandrasivizsla.hu\/wp-content\/uploads\/2023\/09\/engedely-768x540.jpeg 768w\" sizes=\"(max-width: 640px) 100vw, 640px\" \/>\t\t\t\t\t\t\t\t<\/a>\n\t\t\t\t\t\t\t\t\t\t\t\t\t\t\t<\/div>\n\t\t\t\t<\/div>\n\t\t\t\t\t<\/div>\n\t\t<\/div>\n\t\t\t\t<div class=\"elementor-column elementor-col-50 elementor-top-column elementor-element elementor-element-907aaf5\" data-id=\"907aaf5\" data-element_type=\"column\">\n\t\t\t<div class=\"elementor-widget-wrap elementor-element-populated\">\n\t\t\t\t\t\t\t\t<div class=\"elementor-element elementor-element-895e828 elementor-widget elementor-widget-image\" data-id=\"895e828\" data-element_type=\"widget\" data-widget_type=\"image.default\">\n\t\t\t\t<div class=\"elementor-widget-container\">\n\t\t\t\t\t\t\t\t\t\t\t\t\t\t\t\t<a href=\"http:\/\/szentandrasivizsla.hu\/wp-content\/uploads\/2023\/09\/engedely2-scaled.jpeg\" data-elementor-open-lightbox=\"yes\" data-elementor-lightbox-title=\"engedely2\" data-e-action-hash=\"#elementor-action%3Aaction%3Dlightbox%26settings%3DeyJpZCI6MzM4LCJ1cmwiOiJodHRwczpcL1wvc3plbnRhbmRyYXNpdml6c2xhLmh1XC93cC1jb250ZW50XC91cGxvYWRzXC8yMDIzXC8wOVwvZW5nZWRlbHkyLXNjYWxlZC5qcGVnIn0%3D\">\n\t\t\t\t\t\t\t<img decoding=\"async\" width=\"640\" height=\"454\" src=\"https:\/\/szentandrasivizsla.hu\/wp-content\/uploads\/2023\/09\/engedely2-1024x726.jpeg\" class=\"attachment-large size-large wp-image-338\" alt=\"\" loading=\"lazy\" srcset=\"https:\/\/szentandrasivizsla.hu\/wp-content\/uploads\/2023\/09\/engedely2-1024x726.jpeg 1024w, https:\/\/szentandrasivizsla.hu\/wp-content\/uploads\/2023\/09\/engedely2-300x213.jpeg 300w, https:\/\/szentandrasivizsla.hu\/wp-content\/uploads\/2023\/09\/engedely2-768x544.jpeg 768w, https:\/\/szentandrasivizsla.hu\/wp-content\/uploads\/2023\/09\/engedely2-1536x1088.jpeg 1536w, https:\/\/szentandrasivizsla.hu\/wp-content\/uploads\/2023\/09\/engedely2-2048x1451.jpeg 2048w\" sizes=\"(max-width: 640px) 100vw, 640px\" \/>\t\t\t\t\t\t\t\t<\/a>\n\t\t\t\t\t\t\t\t\t\t\t\t\t\t\t<\/div>\n\t\t\t\t<\/div>\n\t\t\t\t\t<\/div>\n\t\t<\/div>\n\t\t\t\t\t\t\t<\/div>\n\t\t<\/section>\n\t\t\t\t\t\t\t<\/div>","protected":false},"excerpt":{"rendered":"<p>Kuty\u00e1ink Szigetk\u00f6z Sz\u00e9pe Atalant\u00e9 ( Mang\u00f3 )(Vad\u00e1szfai Zar\u00e1ndok x F\u00fcsti Ezerj\u00f3 Alibi) Sz\u00fcletett: 2021. 04. 20. Ki\u00e1ll\u00edt\u00e1si eredm\u00e9nyek: HJCH, HSCH, HDGY, Best Minor Puppy, Best Puppy, 4x CAC, 1x CACIB, 1xBOS, BOS BIS I. hely Munka vizsg\u00e1k: VAV, VMV Sz\u0171r\u00e9sek: HD-A , ED-0 , SD-0<\/p>","protected":false},"author":1,"featured_media":0,"parent":0,"menu_order":0,"comment_status":"closed","ping_status":"closed","template":"","meta":{"_monsterinsights_skip_tracking":false,"_monsterinsights_sitenote_active":false,"_monsterinsights_sitenote_note":"","_monsterinsights_sitenote_category":0},"yoast_head":"<!-- This site is optimized with the Yoast SEO plugin v21.0 - https:\/\/yoast.com\/wordpress\/plugins\/seo\/ -->\n<title>Kuty\u00e1ink - szentandrasivizsla.hu<\/title>\n<meta name=\"robots\" content=\"index, follow, max-snippet:-1, max-image-preview:large, max-video-preview:-1\" \/>\n<link rel=\"canonical\" href=\"https:\/\/szentandrasivizsla.hu\/en\/kutyaink\/\" \/>\n<meta property=\"og:locale\" content=\"en_US\" \/>\n<meta property=\"og:type\" content=\"article\" \/>\n<meta property=\"og:title\" content=\"Kuty\u00e1ink - szentandrasivizsla.hu\" \/>\n<meta property=\"og:description\" content=\"Kuty\u00e1ink Szigetk\u00f6z Sz\u00e9pe Atalant\u00e9 ( Mang\u00f3 )(Vad\u00e1szfai Zar\u00e1ndok x F\u00fcsti Ezerj\u00f3 Alibi) Sz\u00fcletett: 2021. 04. 20. Ki\u00e1ll\u00edt\u00e1si eredm\u00e9nyek: HJCH, HSCH, HDGY, Best Minor Puppy, Best Puppy, 4x CAC, 1x CACIB, 1xBOS, BOS BIS I. hely Munka vizsg\u00e1k: VAV, VMV Sz\u0171r\u00e9sek: HD-A , ED-0 , SD-0\" \/>\n<meta property=\"og:url\" content=\"https:\/\/szentandrasivizsla.hu\/en\/kutyaink\/\" \/>\n<meta property=\"og:site_name\" content=\"szentandrasivizsla.hu\" \/>\n<meta property=\"article:modified_time\" content=\"2023-10-05T18:05:23+00:00\" \/>\n<meta property=\"og:image\" content=\"http:\/\/szentandrasivizsla.hu\/wp-content\/uploads\/2023\/09\/IMG_6630-Enhanced-NR.jpg-masolata-683x1024.jpg\" \/>\n<meta name=\"twitter:card\" content=\"summary_large_image\" \/>\n<meta name=\"twitter:label1\" content=\"Est. reading time\" \/>\n\t<meta name=\"twitter:data1\" content=\"2 minutes\" \/>\n<script type=\"application\/ld+json\" class=\"yoast-schema-graph\">{\"@context\":\"https:\/\/schema.org\",\"@graph\":[{\"@type\":\"WebPage\",\"@id\":\"https:\/\/szentandrasivizsla.hu\/kutyaink\/\",\"url\":\"https:\/\/szentandrasivizsla.hu\/kutyaink\/\",\"name\":\"Kuty\u00e1ink - szentandrasivizsla.hu\",\"isPartOf\":{\"@id\":\"https:\/\/szentandrasivizsla.hu\/#website\"},\"datePublished\":\"2023-09-05T06:26:54+00:00\",\"dateModified\":\"2023-10-05T18:05:23+00:00\",\"breadcrumb\":{\"@id\":\"https:\/\/szentandrasivizsla.hu\/kutyaink\/#breadcrumb\"},\"inLanguage\":\"en-US\",\"potentialAction\":[{\"@type\":\"ReadAction\",\"target\":[\"https:\/\/szentandrasivizsla.hu\/kutyaink\/\"]}]},{\"@type\":\"BreadcrumbList\",\"@id\":\"https:\/\/szentandrasivizsla.hu\/kutyaink\/#breadcrumb\",\"itemListElement\":[{\"@type\":\"ListItem\",\"position\":1,\"name\":\"Home\",\"item\":\"https:\/\/szentandrasivizsla.hu\/\"},{\"@type\":\"ListItem\",\"position\":2,\"name\":\"Kuty\u00e1ink\"}]},{\"@type\":\"WebSite\",\"@id\":\"https:\/\/szentandrasivizsla.hu\/#website\",\"url\":\"https:\/\/szentandrasivizsla.hu\/\",\"name\":\"szentandrasivizsla.hu\",\"description\":\"Szentandr\u00e1si Vizsla\",\"publisher\":{\"@id\":\"https:\/\/szentandrasivizsla.hu\/#\/schema\/person\/ddaf5a15b8e0e8a4ede9d90824b29eea\"},\"potentialAction\":[{\"@type\":\"SearchAction\",\"target\":{\"@type\":\"EntryPoint\",\"urlTemplate\":\"https:\/\/szentandrasivizsla.hu\/?s={search_term_string}\"},\"query-input\":\"required name=search_term_string\"}],\"inLanguage\":\"en-US\"},{\"@type\":[\"Person\",\"Organization\"],\"@id\":\"https:\/\/szentandrasivizsla.hu\/#\/schema\/person\/ddaf5a15b8e0e8a4ede9d90824b29eea\",\"name\":\"szentandrasivizsla\",\"image\":{\"@type\":\"ImageObject\",\"inLanguage\":\"en-US\",\"@id\":\"https:\/\/szentandrasivizsla.hu\/#\/schema\/person\/image\/\",\"url\":\"https:\/\/szentandrasivizsla.hu\/wp-content\/uploads\/2023\/09\/szentandrasi_bajnok_logo-2-scaled.jpg\",\"contentUrl\":\"https:\/\/szentandrasivizsla.hu\/wp-content\/uploads\/2023\/09\/szentandrasi_bajnok_logo-2-scaled.jpg\",\"width\":2560,\"height\":1046,\"caption\":\"szentandrasivizsla\"},\"logo\":{\"@id\":\"https:\/\/szentandrasivizsla.hu\/#\/schema\/person\/image\/\"},\"sameAs\":[\"http:\/\/szentandrasivizsla.hu\"]}]}<\/script>\n<!-- \/ Yoast SEO plugin. -->","yoast_head_json":{"title":"Kuty\u00e1ink - szentandrasivizsla.hu","robots":{"index":"index","follow":"follow","max-snippet":"max-snippet:-1","max-image-preview":"max-image-preview:large","max-video-preview":"max-video-preview:-1"},"canonical":"https:\/\/szentandrasivizsla.hu\/en\/kutyaink\/","og_locale":"en_US","og_type":"article","og_title":"Kuty\u00e1ink - szentandrasivizsla.hu","og_description":"Kuty\u00e1ink Szigetk\u00f6z Sz\u00e9pe Atalant\u00e9 ( Mang\u00f3 )(Vad\u00e1szfai Zar\u00e1ndok x F\u00fcsti Ezerj\u00f3 Alibi) Sz\u00fcletett: 2021. 04. 20. Ki\u00e1ll\u00edt\u00e1si eredm\u00e9nyek: HJCH, HSCH, HDGY, Best Minor Puppy, Best Puppy, 4x CAC, 1x CACIB, 1xBOS, BOS BIS I. hely Munka vizsg\u00e1k: VAV, VMV Sz\u0171r\u00e9sek: HD-A , ED-0 , SD-0","og_url":"https:\/\/szentandrasivizsla.hu\/en\/kutyaink\/","og_site_name":"szentandrasivizsla.hu","article_modified_time":"2023-10-05T18:05:23+00:00","og_image":[{"url":"http:\/\/szentandrasivizsla.hu\/wp-content\/uploads\/2023\/09\/IMG_6630-Enhanced-NR.jpg-masolata-683x1024.jpg"}],"twitter_card":"summary_large_image","twitter_misc":{"Est. reading time":"2 minutes"},"schema":{"@context":"https:\/\/schema.org","@graph":[{"@type":"WebPage","@id":"https:\/\/szentandrasivizsla.hu\/kutyaink\/","url":"https:\/\/szentandrasivizsla.hu\/kutyaink\/","name":"Kuty\u00e1ink - szentandrasivizsla.hu","isPartOf":{"@id":"https:\/\/szentandrasivizsla.hu\/#website"},"datePublished":"2023-09-05T06:26:54+00:00","dateModified":"2023-10-05T18:05:23+00:00","breadcrumb":{"@id":"https:\/\/szentandrasivizsla.hu\/kutyaink\/#breadcrumb"},"inLanguage":"en-US","potentialAction":[{"@type":"ReadAction","target":["https:\/\/szentandrasivizsla.hu\/kutyaink\/"]}]},{"@type":"BreadcrumbList","@id":"https:\/\/szentandrasivizsla.hu\/kutyaink\/#breadcrumb","itemListElement":[{"@type":"ListItem","position":1,"name":"Home","item":"https:\/\/szentandrasivizsla.hu\/"},{"@type":"ListItem","position":2,"name":"Kuty\u00e1ink"}]},{"@type":"WebSite","@id":"https:\/\/szentandrasivizsla.hu\/#website","url":"https:\/\/szentandrasivizsla.hu\/","name":"szentandrasivizsla.hu","description":"Szentandr\u00e1si Vizsla","publisher":{"@id":"https:\/\/szentandrasivizsla.hu\/#\/schema\/person\/ddaf5a15b8e0e8a4ede9d90824b29eea"},"potentialAction":[{"@type":"SearchAction","target":{"@type":"EntryPoint","urlTemplate":"https:\/\/szentandrasivizsla.hu\/?s={search_term_string}"},"query-input":"required name=search_term_string"}],"inLanguage":"en-US"},{"@type":["Person","Organization"],"@id":"https:\/\/szentandrasivizsla.hu\/#\/schema\/person\/ddaf5a15b8e0e8a4ede9d90824b29eea","name":"szentandrasivizsla","image":{"@type":"ImageObject","inLanguage":"en-US","@id":"https:\/\/szentandrasivizsla.hu\/#\/schema\/person\/image\/","url":"https:\/\/szentandrasivizsla.hu\/wp-content\/uploads\/2023\/09\/szentandrasi_bajnok_logo-2-scaled.jpg","contentUrl":"https:\/\/szentandrasivizsla.hu\/wp-content\/uploads\/2023\/09\/szentandrasi_bajnok_logo-2-scaled.jpg","width":2560,"height":1046,"caption":"szentandrasivizsla"},"logo":{"@id":"https:\/\/szentandrasivizsla.hu\/#\/schema\/person\/image\/"},"sameAs":["http:\/\/szentandrasivizsla.hu"]}]}},"_links":{"self":[{"href":"https:\/\/szentandrasivizsla.hu\/en\/wp-json\/wp\/v2\/pages\/9"}],"collection":[{"href":"https:\/\/szentandrasivizsla.hu\/en\/wp-json\/wp\/v2\/pages"}],"about":[{"href":"https:\/\/szentandrasivizsla.hu\/en\/wp-json\/wp\/v2\/types\/page"}],"author":[{"embeddable":true,"href":"https:\/\/szentandrasivizsla.hu\/en\/wp-json\/wp\/v2\/users\/1"}],"replies":[{"embeddable":true,"href":"https:\/\/szentandrasivizsla.hu\/en\/wp-json\/wp\/v2\/comments?post=9"}],"version-history":[{"count":6,"href":"https:\/\/szentandrasivizsla.hu\/en\/wp-json\/wp\/v2\/pages\/9\/revisions"}],"predecessor-version":[{"id":469,"href":"https:\/\/szentandrasivizsla.hu\/en\/wp-json\/wp\/v2\/pages\/9\/revisions\/469"}],"wp:attachment":[{"href":"https:\/\/szentandrasivizsla.hu\/en\/wp-json\/wp\/v2\/media?parent=9"}],"curies":[{"name":"wp","href":"https:\/\/api.w.org\/{rel}","templated":true}]}}