{"id":7,"date":"2023-09-05T08:26:37","date_gmt":"2023-09-05T06:26:37","guid":{"rendered":"http:\/\/szentandrasivizsla.hu\/?page_id=7"},"modified":"2023-09-22T13:50:36","modified_gmt":"2023-09-22T11:50:36","slug":"a-magyar-vizsla","status":"publish","type":"page","link":"https:\/\/szentandrasivizsla.hu\/en\/a-magyar-vizsla\/","title":{"rendered":"The Hungarian Vizsla"},"content":{"rendered":"<div data-elementor-type=\"wp-page\" data-elementor-id=\"7\" class=\"elementor elementor-7\">\n\t\t\t\t\t\t\t\t\t<section class=\"elementor-section elementor-top-section elementor-element elementor-element-39bc1095 elementor-section-stretched elementor-section-height-min-height elementor-section-boxed elementor-section-height-default elementor-section-items-middle\" data-id=\"39bc1095\" data-element_type=\"section\" data-settings=\"{&quot;stretch_section&quot;:&quot;section-stretched&quot;,&quot;motion_fx_motion_fx_scrolling&quot;:&quot;yes&quot;,&quot;background_background&quot;:&quot;classic&quot;,&quot;motion_fx_devices&quot;:[&quot;desktop&quot;,&quot;tablet&quot;,&quot;mobile&quot;]}\">\n\t\t\t\t\t\t\t<div class=\"elementor-background-overlay\"><\/div>\n\t\t\t\t\t\t\t<div class=\"elementor-container elementor-column-gap-default\">\n\t\t\t\t\t<div class=\"elementor-column elementor-col-100 elementor-top-column elementor-element elementor-element-1dfc5d9d\" data-id=\"1dfc5d9d\" data-element_type=\"column\">\n\t\t\t<div class=\"elementor-widget-wrap elementor-element-populated\">\n\t\t\t\t\t\t\t\t<div class=\"elementor-element elementor-element-118d418 elementor-widget elementor-widget-heading\" data-id=\"118d418\" data-element_type=\"widget\" data-widget_type=\"heading.default\">\n\t\t\t\t<div class=\"elementor-widget-container\">\n\t\t\t<style>\/*! elementor - v3.15.0 - 20-08-2023 *\/\n.elementor-heading-title{padding:0;margin:0;line-height:1}.elementor-widget-heading .elementor-heading-title[class*=elementor-size-]>a{color:inherit;font-size:inherit;line-height:inherit}.elementor-widget-heading .elementor-heading-title.elementor-size-small{font-size:15px}.elementor-widget-heading .elementor-heading-title.elementor-size-medium{font-size:19px}.elementor-widget-heading .elementor-heading-title.elementor-size-large{font-size:29px}.elementor-widget-heading .elementor-heading-title.elementor-size-xl{font-size:39px}.elementor-widget-heading .elementor-heading-title.elementor-size-xxl{font-size:59px}<\/style><h1 class=\"elementor-heading-title elementor-size-default\">The Hungarian Vizsla<\/h1>\t\t<\/div>\n\t\t\t\t<\/div>\n\t\t\t\t\t<\/div>\n\t\t<\/div>\n\t\t\t\t\t\t\t<\/div>\n\t\t<\/section>\n\t\t\t\t<section class=\"elementor-section elementor-top-section elementor-element elementor-element-50c20d89 elementor-section-boxed elementor-section-height-default elementor-section-height-default\" data-id=\"50c20d89\" data-element_type=\"section\">\n\t\t\t\t\t\t<div class=\"elementor-container elementor-column-gap-default\">\n\t\t\t\t\t<div class=\"elementor-column elementor-col-50 elementor-top-column elementor-element elementor-element-640423a8\" data-id=\"640423a8\" data-element_type=\"column\">\n\t\t\t<div class=\"elementor-widget-wrap elementor-element-populated\">\n\t\t\t\t\t\t\t\t<div class=\"elementor-element elementor-element-d70de32 elementor-invisible elementor-widget elementor-widget-text-editor\" data-id=\"d70de32\" data-element_type=\"widget\" data-settings=\"{&quot;_animation&quot;:&quot;fadeInLeft&quot;}\" data-widget_type=\"text-editor.default\">\n\t\t\t\t<div class=\"elementor-widget-container\">\n\t\t\t<style>\/*! elementor - v3.15.0 - 20-08-2023 *\/\n.elementor-widget-text-editor.elementor-drop-cap-view-stacked .elementor-drop-cap{background-color:#69727d;color:#fff}.elementor-widget-text-editor.elementor-drop-cap-view-framed .elementor-drop-cap{color:#69727d;border:3px solid;background-color:transparent}.elementor-widget-text-editor:not(.elementor-drop-cap-view-default) .elementor-drop-cap{margin-top:8px}.elementor-widget-text-editor:not(.elementor-drop-cap-view-default) .elementor-drop-cap-letter{width:1em;height:1em}.elementor-widget-text-editor .elementor-drop-cap{float:left;text-align:center;line-height:1;font-size:50px}.elementor-widget-text-editor .elementor-drop-cap-letter{display:inline-block}<\/style>\t\t\t\t<p>The short-haired Hungarian Vizsla, or simply VIZSLA, is the pride of Hungary.<\/p><p>The Vizsla is a medium-sized, elegant, noble-looking hunting dog with bun yellow short hair.\nIts structure is light, its bones and lean muscles reflect the harmony of beauty and strength.\nThe Hungarian Vizsla was primarily used for small game hunting and fetching, which is made\npossible by the breed&#039;s keen sense of smell and focused attention. These qualities still\ndetermine the nature of Vizslas, which are known as alert, enthusiastic and persistent dogs.\nTheir energy and enthusiasm is best balanced by regular exercise, such as long walks, games\nor even participation in dog sports.<\/p>\t\t\t\t\t\t<\/div>\n\t\t\t\t<\/div>\n\t\t\t\t\t<\/div>\n\t\t<\/div>\n\t\t\t\t<div class=\"elementor-column elementor-col-50 elementor-top-column elementor-element elementor-element-d73ad41\" data-id=\"d73ad41\" data-element_type=\"column\">\n\t\t\t<div class=\"elementor-widget-wrap elementor-element-populated\">\n\t\t\t\t\t\t\t\t<div class=\"elementor-element elementor-element-d71670c elementor-invisible elementor-widget elementor-widget-image\" data-id=\"d71670c\" data-element_type=\"widget\" data-settings=\"{&quot;_animation&quot;:&quot;fadeInRight&quot;}\" data-widget_type=\"image.default\">\n\t\t\t\t<div class=\"elementor-widget-container\">\n\t\t\t<style>\/*! elementor - v3.15.0 - 20-08-2023 *\/\n.elementor-widget-image{text-align:center}.elementor-widget-image a{display:inline-block}.elementor-widget-image a img[src$=\".svg\"]{width:48px}.elementor-widget-image img{vertical-align:middle;display:inline-block}<\/style>\t\t\t\t\t\t\t\t\t\t\t\t<img decoding=\"async\" width=\"640\" height=\"426\" src=\"https:\/\/szentandrasivizsla.hu\/wp-content\/uploads\/2023\/09\/IMG_6767-Enhanced-NR-1-1024x682.jpg\" class=\"attachment-large size-large wp-image-208\" alt=\"\" loading=\"lazy\" srcset=\"https:\/\/szentandrasivizsla.hu\/wp-content\/uploads\/2023\/09\/IMG_6767-Enhanced-NR-1-1024x682.jpg 1024w, https:\/\/szentandrasivizsla.hu\/wp-content\/uploads\/2023\/09\/IMG_6767-Enhanced-NR-1-300x200.jpg 300w, https:\/\/szentandrasivizsla.hu\/wp-content\/uploads\/2023\/09\/IMG_6767-Enhanced-NR-1-768x512.jpg 768w, https:\/\/szentandrasivizsla.hu\/wp-content\/uploads\/2023\/09\/IMG_6767-Enhanced-NR-1-1536x1024.jpg 1536w, https:\/\/szentandrasivizsla.hu\/wp-content\/uploads\/2023\/09\/IMG_6767-Enhanced-NR-1-2048x1365.jpg 2048w\" sizes=\"(max-width: 640px) 100vw, 640px\" \/>\t\t\t\t\t\t\t\t\t\t\t\t\t\t\t<\/div>\n\t\t\t\t<\/div>\n\t\t\t\t\t<\/div>\n\t\t<\/div>\n\t\t\t\t\t\t\t<\/div>\n\t\t<\/section>\n\t\t\t\t<section class=\"elementor-section elementor-top-section elementor-element elementor-element-6704b19 elementor-section-boxed elementor-section-height-default elementor-section-height-default\" data-id=\"6704b19\" data-element_type=\"section\">\n\t\t\t\t\t\t<div class=\"elementor-container elementor-column-gap-default\">\n\t\t\t\t\t<div class=\"elementor-column elementor-col-50 elementor-top-column elementor-element elementor-element-739b4a4\" data-id=\"739b4a4\" data-element_type=\"column\">\n\t\t\t<div class=\"elementor-widget-wrap elementor-element-populated\">\n\t\t\t\t\t\t\t\t<div class=\"elementor-element elementor-element-57dd933 elementor-invisible elementor-widget elementor-widget-image\" data-id=\"57dd933\" data-element_type=\"widget\" data-settings=\"{&quot;_animation&quot;:&quot;fadeInLeft&quot;}\" data-widget_type=\"image.default\">\n\t\t\t\t<div class=\"elementor-widget-container\">\n\t\t\t\t\t\t\t\t\t\t\t\t\t\t\t<img decoding=\"async\" width=\"640\" height=\"427\" src=\"https:\/\/szentandrasivizsla.hu\/wp-content\/uploads\/2023\/09\/IMG_6729-Enhanced-NR-1-1024x683.jpg\" class=\"attachment-large size-large wp-image-202\" alt=\"\" loading=\"lazy\" srcset=\"https:\/\/szentandrasivizsla.hu\/wp-content\/uploads\/2023\/09\/IMG_6729-Enhanced-NR-1-1024x683.jpg 1024w, https:\/\/szentandrasivizsla.hu\/wp-content\/uploads\/2023\/09\/IMG_6729-Enhanced-NR-1-300x200.jpg 300w, https:\/\/szentandrasivizsla.hu\/wp-content\/uploads\/2023\/09\/IMG_6729-Enhanced-NR-1-768x512.jpg 768w, https:\/\/szentandrasivizsla.hu\/wp-content\/uploads\/2023\/09\/IMG_6729-Enhanced-NR-1-1536x1024.jpg 1536w, https:\/\/szentandrasivizsla.hu\/wp-content\/uploads\/2023\/09\/IMG_6729-Enhanced-NR-1-2048x1365.jpg 2048w\" sizes=\"(max-width: 640px) 100vw, 640px\" \/>\t\t\t\t\t\t\t\t\t\t\t\t\t\t\t<\/div>\n\t\t\t\t<\/div>\n\t\t\t\t\t<\/div>\n\t\t<\/div>\n\t\t\t\t<div class=\"elementor-column elementor-col-50 elementor-top-column elementor-element elementor-element-301b7d7\" data-id=\"301b7d7\" data-element_type=\"column\">\n\t\t\t<div class=\"elementor-widget-wrap elementor-element-populated\">\n\t\t\t\t\t\t\t\t<div class=\"elementor-element elementor-element-ff14afd elementor-invisible elementor-widget elementor-widget-text-editor\" data-id=\"ff14afd\" data-element_type=\"widget\" data-settings=\"{&quot;_animation&quot;:&quot;fadeInRight&quot;}\" data-widget_type=\"text-editor.default\">\n\t\t\t\t<div class=\"elementor-widget-container\">\n\t\t\t\t\t\t\t<p>The Hungarian Vizsla is an intelligent and docile breed that learns quickly and responds well\nto positive reinforcement training. However, these dogs also need mental stimulation to\navoid boredom and related behavioral problems. Intelligence and independence can\nsometimes go hand in hand with a bit of stubbornness, so consistent training is vital.<\/p><p>Vizslas are very affectionate and love their families, often following them around the house\nto be as close to them as possible. As a result, they do not like to be left alone for long\nperiods of time, and if they are neglected too much, they may develop separation anxiety.<\/p>\t\t\t\t\t\t<\/div>\n\t\t\t\t<\/div>\n\t\t\t\t\t<\/div>\n\t\t<\/div>\n\t\t\t\t\t\t\t<\/div>\n\t\t<\/section>\n\t\t\t\t<section class=\"elementor-section elementor-top-section elementor-element elementor-element-b558a91 elementor-section-boxed elementor-section-height-default elementor-section-height-default\" data-id=\"b558a91\" data-element_type=\"section\">\n\t\t\t\t\t\t<div class=\"elementor-container elementor-column-gap-default\">\n\t\t\t\t\t<div class=\"elementor-column elementor-col-50 elementor-top-column elementor-element elementor-element-53a9c4f\" data-id=\"53a9c4f\" data-element_type=\"column\">\n\t\t\t<div class=\"elementor-widget-wrap elementor-element-populated\">\n\t\t\t\t\t\t\t\t<div class=\"elementor-element elementor-element-0fa46fd elementor-invisible elementor-widget elementor-widget-text-editor\" data-id=\"0fa46fd\" data-element_type=\"widget\" data-settings=\"{&quot;_animation&quot;:&quot;fadeInLeft&quot;}\" data-widget_type=\"text-editor.default\">\n\t\t\t\t<div class=\"elementor-widget-container\">\n\t\t\t\t\t\t\t<p>Hungarian Vizslas are relatively easy to care for, as their short hair does not require frequent\nbrushing, although shedding can be reduced by brushing once a week. In addition to a\nhealthy diet and regular veterinary check-ups, it is worth paying attention to genetic\ndiseases, such as hip and elbow dysplasia, to which they may be prone.<\/p><p>In summary, the Hungarian Vizsla can be an ideal companion for active and sporty families\nwho like to spend their free time outdoors and like to be with their pet. Vizslas bring joy and\nlove to the family, provided that their active and mental needs are met.<\/p>\t\t\t\t\t\t<\/div>\n\t\t\t\t<\/div>\n\t\t\t\t\t<\/div>\n\t\t<\/div>\n\t\t\t\t<div class=\"elementor-column elementor-col-50 elementor-top-column elementor-element elementor-element-e7c71b7\" data-id=\"e7c71b7\" data-element_type=\"column\">\n\t\t\t<div class=\"elementor-widget-wrap elementor-element-populated\">\n\t\t\t\t\t\t\t\t<div class=\"elementor-element elementor-element-2267a79 elementor-invisible elementor-widget elementor-widget-image\" data-id=\"2267a79\" data-element_type=\"widget\" data-settings=\"{&quot;_animation&quot;:&quot;fadeInRight&quot;}\" data-widget_type=\"image.default\">\n\t\t\t\t<div class=\"elementor-widget-container\">\n\t\t\t\t\t\t\t\t\t\t\t\t\t\t\t<img decoding=\"async\" width=\"640\" height=\"416\" src=\"https:\/\/szentandrasivizsla.hu\/wp-content\/uploads\/2023\/09\/IMG_6661-Enhanced-NR-1024x665.jpg\" class=\"attachment-large size-large wp-image-197\" alt=\"\" loading=\"lazy\" srcset=\"https:\/\/szentandrasivizsla.hu\/wp-content\/uploads\/2023\/09\/IMG_6661-Enhanced-NR-1024x665.jpg 1024w, https:\/\/szentandrasivizsla.hu\/wp-content\/uploads\/2023\/09\/IMG_6661-Enhanced-NR-300x195.jpg 300w, https:\/\/szentandrasivizsla.hu\/wp-content\/uploads\/2023\/09\/IMG_6661-Enhanced-NR-768x499.jpg 768w, https:\/\/szentandrasivizsla.hu\/wp-content\/uploads\/2023\/09\/IMG_6661-Enhanced-NR-1536x998.jpg 1536w, https:\/\/szentandrasivizsla.hu\/wp-content\/uploads\/2023\/09\/IMG_6661-Enhanced-NR-2048x1331.jpg 2048w\" sizes=\"(max-width: 640px) 100vw, 640px\" \/>\t\t\t\t\t\t\t\t\t\t\t\t\t\t\t<\/div>\n\t\t\t\t<\/div>\n\t\t\t\t\t<\/div>\n\t\t<\/div>\n\t\t\t\t\t\t\t<\/div>\n\t\t<\/section>\n\t\t\t\t\t\t\t<\/div>","protected":false},"excerpt":{"rendered":"<p>A magyar vizsla A r\u00f6vidsz\u0151r\u0171 magyar vizsla, vagy egyszer\u0171en csak VIZSLA, Magyarorsz\u00e1g b\u00fcszkes\u00e9ge. A vizsla k\u00f6z\u00e9pnagy, eleg\u00e1ns, nemes megjelen\u00e9s\u0171, zsemles\u00e1rga r\u00f6vid sz\u0151r\u0171 vad\u00e1szkutya. Fel\u00e9p\u00edt\u00e9se k\u00f6nnyed, a csontozata \u00e9s a szik\u00e1r izomzata a sz\u00e9ps\u00e9g \u00e9s er\u0151 harm\u00f3ni\u00e1j\u00e1t t\u00fckr\u00f6zi. A magyar vizsl\u00e1t els\u0151sorban apr\u00f3vad\u00e1szatra \u00e9s apport\u00edroz\u00e1sra haszn\u00e1lt\u00e1k, amit a fajta \u00e9les szagl\u00e1sa \u00e9s koncentr\u00e1lt figyelme tesz lehet\u0151v\u00e9. [&hellip;]<\/p>","protected":false},"author":1,"featured_media":0,"parent":0,"menu_order":0,"comment_status":"closed","ping_status":"closed","template":"","meta":{"_monsterinsights_skip_tracking":false,"_monsterinsights_sitenote_active":false,"_monsterinsights_sitenote_note":"","_monsterinsights_sitenote_category":0},"yoast_head":"<!-- This site is optimized with the Yoast SEO plugin v21.0 - https:\/\/yoast.com\/wordpress\/plugins\/seo\/ -->\n<title>A magyar vizsla - szentandrasivizsla.hu<\/title>\n<meta name=\"robots\" content=\"index, follow, max-snippet:-1, max-image-preview:large, max-video-preview:-1\" \/>\n<link rel=\"canonical\" href=\"https:\/\/szentandrasivizsla.hu\/en\/a-magyar-vizsla\/\" \/>\n<meta property=\"og:locale\" content=\"en_US\" \/>\n<meta property=\"og:type\" content=\"article\" \/>\n<meta property=\"og:title\" content=\"A magyar vizsla - szentandrasivizsla.hu\" \/>\n<meta property=\"og:description\" content=\"A magyar vizsla A r\u00f6vidsz\u0151r\u0171 magyar vizsla, vagy egyszer\u0171en csak VIZSLA, Magyarorsz\u00e1g b\u00fcszkes\u00e9ge. A vizsla k\u00f6z\u00e9pnagy, eleg\u00e1ns, nemes megjelen\u00e9s\u0171, zsemles\u00e1rga r\u00f6vid sz\u0151r\u0171 vad\u00e1szkutya. Fel\u00e9p\u00edt\u00e9se k\u00f6nnyed, a csontozata \u00e9s a szik\u00e1r izomzata a sz\u00e9ps\u00e9g \u00e9s er\u0151 harm\u00f3ni\u00e1j\u00e1t t\u00fckr\u00f6zi. A magyar vizsl\u00e1t els\u0151sorban apr\u00f3vad\u00e1szatra \u00e9s apport\u00edroz\u00e1sra haszn\u00e1lt\u00e1k, amit a fajta \u00e9les szagl\u00e1sa \u00e9s koncentr\u00e1lt figyelme tesz lehet\u0151v\u00e9. [&hellip;]\" \/>\n<meta property=\"og:url\" content=\"https:\/\/szentandrasivizsla.hu\/en\/a-magyar-vizsla\/\" \/>\n<meta property=\"og:site_name\" content=\"szentandrasivizsla.hu\" \/>\n<meta property=\"article:modified_time\" content=\"2023-09-22T11:50:36+00:00\" \/>\n<meta property=\"og:image\" content=\"http:\/\/szentandrasivizsla.hu\/wp-content\/uploads\/2023\/09\/IMG_6767-Enhanced-NR-1-1024x682.jpg\" \/>\n<meta name=\"twitter:card\" content=\"summary_large_image\" \/>\n<meta name=\"twitter:label1\" content=\"Est. reading time\" \/>\n\t<meta name=\"twitter:data1\" content=\"3 minutes\" \/>\n<script type=\"application\/ld+json\" class=\"yoast-schema-graph\">{\"@context\":\"https:\/\/schema.org\",\"@graph\":[{\"@type\":\"WebPage\",\"@id\":\"https:\/\/szentandrasivizsla.hu\/en\/a-magyar-vizsla\/\",\"url\":\"https:\/\/szentandrasivizsla.hu\/en\/a-magyar-vizsla\/\",\"name\":\"A magyar vizsla - szentandrasivizsla.hu\",\"isPartOf\":{\"@id\":\"https:\/\/szentandrasivizsla.hu\/#website\"},\"datePublished\":\"2023-09-05T06:26:37+00:00\",\"dateModified\":\"2023-09-22T11:50:36+00:00\",\"breadcrumb\":{\"@id\":\"https:\/\/szentandrasivizsla.hu\/en\/a-magyar-vizsla\/#breadcrumb\"},\"inLanguage\":\"en-US\",\"potentialAction\":[{\"@type\":\"ReadAction\",\"target\":[\"https:\/\/szentandrasivizsla.hu\/en\/a-magyar-vizsla\/\"]}]},{\"@type\":\"BreadcrumbList\",\"@id\":\"https:\/\/szentandrasivizsla.hu\/en\/a-magyar-vizsla\/#breadcrumb\",\"itemListElement\":[{\"@type\":\"ListItem\",\"position\":1,\"name\":\"Home\",\"item\":\"https:\/\/szentandrasivizsla.hu\/\"},{\"@type\":\"ListItem\",\"position\":2,\"name\":\"A magyar vizsla\"}]},{\"@type\":\"WebSite\",\"@id\":\"https:\/\/szentandrasivizsla.hu\/#website\",\"url\":\"https:\/\/szentandrasivizsla.hu\/\",\"name\":\"szentandrasivizsla.hu\",\"description\":\"Szentandr\u00e1si Vizsla\",\"publisher\":{\"@id\":\"https:\/\/szentandrasivizsla.hu\/#\/schema\/person\/ddaf5a15b8e0e8a4ede9d90824b29eea\"},\"potentialAction\":[{\"@type\":\"SearchAction\",\"target\":{\"@type\":\"EntryPoint\",\"urlTemplate\":\"https:\/\/szentandrasivizsla.hu\/?s={search_term_string}\"},\"query-input\":\"required name=search_term_string\"}],\"inLanguage\":\"en-US\"},{\"@type\":[\"Person\",\"Organization\"],\"@id\":\"https:\/\/szentandrasivizsla.hu\/#\/schema\/person\/ddaf5a15b8e0e8a4ede9d90824b29eea\",\"name\":\"szentandrasivizsla\",\"image\":{\"@type\":\"ImageObject\",\"inLanguage\":\"en-US\",\"@id\":\"https:\/\/szentandrasivizsla.hu\/#\/schema\/person\/image\/\",\"url\":\"https:\/\/szentandrasivizsla.hu\/wp-content\/uploads\/2023\/09\/szentandrasi_bajnok_logo-2-scaled.jpg\",\"contentUrl\":\"https:\/\/szentandrasivizsla.hu\/wp-content\/uploads\/2023\/09\/szentandrasi_bajnok_logo-2-scaled.jpg\",\"width\":2560,\"height\":1046,\"caption\":\"szentandrasivizsla\"},\"logo\":{\"@id\":\"https:\/\/szentandrasivizsla.hu\/#\/schema\/person\/image\/\"},\"sameAs\":[\"http:\/\/szentandrasivizsla.hu\"]}]}<\/script>\n<!-- \/ Yoast SEO plugin. -->","yoast_head_json":{"title":"A magyar vizsla - szentandrasivizsla.hu","robots":{"index":"index","follow":"follow","max-snippet":"max-snippet:-1","max-image-preview":"max-image-preview:large","max-video-preview":"max-video-preview:-1"},"canonical":"https:\/\/szentandrasivizsla.hu\/en\/a-magyar-vizsla\/","og_locale":"en_US","og_type":"article","og_title":"A magyar vizsla - szentandrasivizsla.hu","og_description":"A magyar vizsla A r\u00f6vidsz\u0151r\u0171 magyar vizsla, vagy egyszer\u0171en csak VIZSLA, Magyarorsz\u00e1g b\u00fcszkes\u00e9ge. A vizsla k\u00f6z\u00e9pnagy, eleg\u00e1ns, nemes megjelen\u00e9s\u0171, zsemles\u00e1rga r\u00f6vid sz\u0151r\u0171 vad\u00e1szkutya. Fel\u00e9p\u00edt\u00e9se k\u00f6nnyed, a csontozata \u00e9s a szik\u00e1r izomzata a sz\u00e9ps\u00e9g \u00e9s er\u0151 harm\u00f3ni\u00e1j\u00e1t t\u00fckr\u00f6zi. A magyar vizsl\u00e1t els\u0151sorban apr\u00f3vad\u00e1szatra \u00e9s apport\u00edroz\u00e1sra haszn\u00e1lt\u00e1k, amit a fajta \u00e9les szagl\u00e1sa \u00e9s koncentr\u00e1lt figyelme tesz lehet\u0151v\u00e9. [&hellip;]","og_url":"https:\/\/szentandrasivizsla.hu\/en\/a-magyar-vizsla\/","og_site_name":"szentandrasivizsla.hu","article_modified_time":"2023-09-22T11:50:36+00:00","og_image":[{"url":"http:\/\/szentandrasivizsla.hu\/wp-content\/uploads\/2023\/09\/IMG_6767-Enhanced-NR-1-1024x682.jpg"}],"twitter_card":"summary_large_image","twitter_misc":{"Est. reading time":"3 minutes"},"schema":{"@context":"https:\/\/schema.org","@graph":[{"@type":"WebPage","@id":"https:\/\/szentandrasivizsla.hu\/en\/a-magyar-vizsla\/","url":"https:\/\/szentandrasivizsla.hu\/en\/a-magyar-vizsla\/","name":"A magyar vizsla - szentandrasivizsla.hu","isPartOf":{"@id":"https:\/\/szentandrasivizsla.hu\/#website"},"datePublished":"2023-09-05T06:26:37+00:00","dateModified":"2023-09-22T11:50:36+00:00","breadcrumb":{"@id":"https:\/\/szentandrasivizsla.hu\/en\/a-magyar-vizsla\/#breadcrumb"},"inLanguage":"en-US","potentialAction":[{"@type":"ReadAction","target":["https:\/\/szentandrasivizsla.hu\/en\/a-magyar-vizsla\/"]}]},{"@type":"BreadcrumbList","@id":"https:\/\/szentandrasivizsla.hu\/en\/a-magyar-vizsla\/#breadcrumb","itemListElement":[{"@type":"ListItem","position":1,"name":"Home","item":"https:\/\/szentandrasivizsla.hu\/"},{"@type":"ListItem","position":2,"name":"A magyar vizsla"}]},{"@type":"WebSite","@id":"https:\/\/szentandrasivizsla.hu\/#website","url":"https:\/\/szentandrasivizsla.hu\/","name":"szentandrasivizsla.hu","description":"Szentandr\u00e1si Vizsla","publisher":{"@id":"https:\/\/szentandrasivizsla.hu\/#\/schema\/person\/ddaf5a15b8e0e8a4ede9d90824b29eea"},"potentialAction":[{"@type":"SearchAction","target":{"@type":"EntryPoint","urlTemplate":"https:\/\/szentandrasivizsla.hu\/?s={search_term_string}"},"query-input":"required name=search_term_string"}],"inLanguage":"en-US"},{"@type":["Person","Organization"],"@id":"https:\/\/szentandrasivizsla.hu\/#\/schema\/person\/ddaf5a15b8e0e8a4ede9d90824b29eea","name":"szentandrasivizsla","image":{"@type":"ImageObject","inLanguage":"en-US","@id":"https:\/\/szentandrasivizsla.hu\/#\/schema\/person\/image\/","url":"https:\/\/szentandrasivizsla.hu\/wp-content\/uploads\/2023\/09\/szentandrasi_bajnok_logo-2-scaled.jpg","contentUrl":"https:\/\/szentandrasivizsla.hu\/wp-content\/uploads\/2023\/09\/szentandrasi_bajnok_logo-2-scaled.jpg","width":2560,"height":1046,"caption":"szentandrasivizsla"},"logo":{"@id":"https:\/\/szentandrasivizsla.hu\/#\/schema\/person\/image\/"},"sameAs":["http:\/\/szentandrasivizsla.hu"]}]}},"_links":{"self":[{"href":"https:\/\/szentandrasivizsla.hu\/en\/wp-json\/wp\/v2\/pages\/7"}],"collection":[{"href":"https:\/\/szentandrasivizsla.hu\/en\/wp-json\/wp\/v2\/pages"}],"about":[{"href":"https:\/\/szentandrasivizsla.hu\/en\/wp-json\/wp\/v2\/types\/page"}],"author":[{"embeddable":true,"href":"https:\/\/szentandrasivizsla.hu\/en\/wp-json\/wp\/v2\/users\/1"}],"replies":[{"embeddable":true,"href":"https:\/\/szentandrasivizsla.hu\/en\/wp-json\/wp\/v2\/comments?post=7"}],"version-history":[{"count":6,"href":"https:\/\/szentandrasivizsla.hu\/en\/wp-json\/wp\/v2\/pages\/7\/revisions"}],"predecessor-version":[{"id":421,"href":"https:\/\/szentandrasivizsla.hu\/en\/wp-json\/wp\/v2\/pages\/7\/revisions\/421"}],"wp:attachment":[{"href":"https:\/\/szentandrasivizsla.hu\/en\/wp-json\/wp\/v2\/media?parent=7"}],"curies":[{"name":"wp","href":"https:\/\/api.w.org\/{rel}","templated":true}]}}