{"id":5,"date":"2023-09-05T08:25:53","date_gmt":"2023-09-05T06:25:53","guid":{"rendered":"http:\/\/szentandrasivizsla.hu\/?page_id=5"},"modified":"2024-04-03T09:52:55","modified_gmt":"2024-04-03T07:52:55","slug":"landing","status":"publish","type":"page","link":"https:\/\/szentandrasivizsla.hu\/en\/","title":{"rendered":"Home"},"content":{"rendered":"<div data-elementor-type=\"wp-page\" data-elementor-id=\"5\" class=\"elementor elementor-5\">\n\t\t\t\t\t\t\t\t\t<section class=\"elementor-section elementor-top-section elementor-element elementor-element-399a06e8 elementor-section-stretched elementor-section-height-min-height elementor-section-boxed elementor-section-height-default elementor-section-items-middle\" data-id=\"399a06e8\" data-element_type=\"section\" data-settings=\"{&quot;stretch_section&quot;:&quot;section-stretched&quot;,&quot;motion_fx_motion_fx_scrolling&quot;:&quot;yes&quot;,&quot;background_background&quot;:&quot;classic&quot;,&quot;motion_fx_devices&quot;:[&quot;desktop&quot;,&quot;tablet&quot;,&quot;mobile&quot;]}\">\n\t\t\t\t\t\t\t<div class=\"elementor-background-overlay\"><\/div>\n\t\t\t\t\t\t\t<div class=\"elementor-container elementor-column-gap-default\">\n\t\t\t\t\t<div class=\"elementor-column elementor-col-100 elementor-top-column elementor-element elementor-element-ef1eca7\" data-id=\"ef1eca7\" data-element_type=\"column\">\n\t\t\t<div class=\"elementor-widget-wrap elementor-element-populated\">\n\t\t\t\t\t\t\t\t<div class=\"elementor-element elementor-element-12db4e0 elementor-widget elementor-widget-heading\" data-id=\"12db4e0\" data-element_type=\"widget\" data-widget_type=\"heading.default\">\n\t\t\t\t<div class=\"elementor-widget-container\">\n\t\t\t<style>\/*! elementor - v3.15.0 - 20-08-2023 *\/\n.elementor-heading-title{padding:0;margin:0;line-height:1}.elementor-widget-heading .elementor-heading-title[class*=elementor-size-]>a{color:inherit;font-size:inherit;line-height:inherit}.elementor-widget-heading .elementor-heading-title.elementor-size-small{font-size:15px}.elementor-widget-heading .elementor-heading-title.elementor-size-medium{font-size:19px}.elementor-widget-heading .elementor-heading-title.elementor-size-large{font-size:29px}.elementor-widget-heading .elementor-heading-title.elementor-size-xl{font-size:39px}.elementor-widget-heading .elementor-heading-title.elementor-size-xxl{font-size:59px}<\/style><h1 class=\"elementor-heading-title elementor-size-default\">Welcome to the Szentandr\u00e1si Bajnok Magyar Vizsla Kennel webpage<\/h1>\t\t<\/div>\n\t\t\t\t<\/div>\n\t\t\t\t\t<\/div>\n\t\t<\/div>\n\t\t\t\t\t\t\t<\/div>\n\t\t<\/section>\n\t\t\t\t<section class=\"elementor-section elementor-top-section elementor-element elementor-element-4f24e7f elementor-section-boxed elementor-section-height-default elementor-section-height-default\" data-id=\"4f24e7f\" data-element_type=\"section\">\n\t\t\t\t\t\t<div class=\"elementor-container elementor-column-gap-default\">\n\t\t\t\t\t<div class=\"elementor-column elementor-col-50 elementor-top-column elementor-element elementor-element-64022ed elementor-invisible\" data-id=\"64022ed\" data-element_type=\"column\" data-settings=\"{&quot;animation&quot;:&quot;fadeIn&quot;}\">\n\t\t\t<div class=\"elementor-widget-wrap elementor-element-populated\">\n\t\t\t\t\t\t\t\t<div class=\"elementor-element elementor-element-d653153 elementor-widget elementor-widget-text-editor\" data-id=\"d653153\" data-element_type=\"widget\" data-widget_type=\"text-editor.default\">\n\t\t\t\t<div class=\"elementor-widget-container\">\n\t\t\t<style>\/*! elementor - v3.15.0 - 20-08-2023 *\/\n.elementor-widget-text-editor.elementor-drop-cap-view-stacked .elementor-drop-cap{background-color:#69727d;color:#fff}.elementor-widget-text-editor.elementor-drop-cap-view-framed .elementor-drop-cap{color:#69727d;border:3px solid;background-color:transparent}.elementor-widget-text-editor:not(.elementor-drop-cap-view-default) .elementor-drop-cap{margin-top:8px}.elementor-widget-text-editor:not(.elementor-drop-cap-view-default) .elementor-drop-cap-letter{width:1em;height:1em}.elementor-widget-text-editor .elementor-drop-cap{float:left;text-align:center;line-height:1;font-size:50px}.elementor-widget-text-editor .elementor-drop-cap-letter{display:inline-block}<\/style>\t\t\t\tI am Gabi Haluza-Kom\u00e1romi, the founder of the kennel. With my husband and two teenage\ndaughters, we live in picturesque Baj, next to Tata, at the foot of the Gerecse, where our\nkennel is named after the St. Andrew&#039;s vineyard. We are not just owners, but an active\nfamily that likes sports and trips, where our dogs - Deres and Masni, the two pumi, and\nMango, the Hungarian Vizsla - are indispensable parts of our everyday life. We got to know\nthe Hungarian Vizsla breed two years ago, when Mango entered our lives. Since then, we&#039;ve\ngrown to love this breed, whether it&#039;s participating in exhibitions or hunting, where Mango\nperforms excellently. He is not only a dog for us, but also a family member and a great\nteacher who taught us about the personality, mentality and special abilities of Vizslas.\t\t\t\t\t\t<\/div>\n\t\t\t\t<\/div>\n\t\t\t\t\t<\/div>\n\t\t<\/div>\n\t\t\t\t<div class=\"elementor-column elementor-col-50 elementor-top-column elementor-element elementor-element-10ca97a elementor-invisible\" data-id=\"10ca97a\" data-element_type=\"column\" data-settings=\"{&quot;animation&quot;:&quot;fadeInRight&quot;}\">\n\t\t\t<div class=\"elementor-widget-wrap elementor-element-populated\">\n\t\t\t\t\t\t\t\t<div class=\"elementor-element elementor-element-7d0dfe9 elementor-widget elementor-widget-image\" data-id=\"7d0dfe9\" data-element_type=\"widget\" data-widget_type=\"image.default\">\n\t\t\t\t<div class=\"elementor-widget-container\">\n\t\t\t<style>\/*! elementor - v3.15.0 - 20-08-2023 *\/\n.elementor-widget-image{text-align:center}.elementor-widget-image a{display:inline-block}.elementor-widget-image a img[src$=\".svg\"]{width:48px}.elementor-widget-image img{vertical-align:middle;display:inline-block}<\/style>\t\t\t\t\t\t\t\t\t\t\t\t<img decoding=\"async\" width=\"640\" height=\"804\" src=\"https:\/\/szentandrasivizsla.hu\/wp-content\/uploads\/2023\/09\/csalad-815x1024.jpeg\" class=\"attachment-large size-large wp-image-87\" alt=\"\" loading=\"lazy\" srcset=\"https:\/\/szentandrasivizsla.hu\/wp-content\/uploads\/2023\/09\/csalad-815x1024.jpeg 815w, https:\/\/szentandrasivizsla.hu\/wp-content\/uploads\/2023\/09\/csalad-239x300.jpeg 239w, https:\/\/szentandrasivizsla.hu\/wp-content\/uploads\/2023\/09\/csalad-768x965.jpeg 768w, https:\/\/szentandrasivizsla.hu\/wp-content\/uploads\/2023\/09\/csalad-1222x1536.jpeg 1222w, https:\/\/szentandrasivizsla.hu\/wp-content\/uploads\/2023\/09\/csalad-1629x2048.jpeg 1629w, https:\/\/szentandrasivizsla.hu\/wp-content\/uploads\/2023\/09\/csalad-scaled.jpeg 2036w\" sizes=\"(max-width: 640px) 100vw, 640px\" \/>\t\t\t\t\t\t\t\t\t\t\t\t\t\t\t<\/div>\n\t\t\t\t<\/div>\n\t\t\t\t\t<\/div>\n\t\t<\/div>\n\t\t\t\t\t\t\t<\/div>\n\t\t<\/section>\n\t\t\t\t<section class=\"elementor-section elementor-top-section elementor-element elementor-element-1a70d11 elementor-reverse-mobile elementor-section-boxed elementor-section-height-default elementor-section-height-default\" data-id=\"1a70d11\" data-element_type=\"section\">\n\t\t\t\t\t\t<div class=\"elementor-container elementor-column-gap-default\">\n\t\t\t\t\t<div class=\"elementor-column elementor-col-50 elementor-top-column elementor-element elementor-element-c0234f3 elementor-invisible\" data-id=\"c0234f3\" data-element_type=\"column\" data-settings=\"{&quot;animation&quot;:&quot;fadeInLeft&quot;}\">\n\t\t\t<div class=\"elementor-widget-wrap elementor-element-populated\">\n\t\t\t\t\t\t\t\t<div class=\"elementor-element elementor-element-7ddf7f4 elementor-widget elementor-widget-image\" data-id=\"7ddf7f4\" data-element_type=\"widget\" data-widget_type=\"image.default\">\n\t\t\t\t<div class=\"elementor-widget-container\">\n\t\t\t\t\t\t\t\t\t\t\t\t\t\t\t<img decoding=\"async\" width=\"640\" height=\"462\" src=\"https:\/\/szentandrasivizsla.hu\/wp-content\/uploads\/2023\/09\/kutya2-1024x739.jpeg\" class=\"attachment-large size-large wp-image-89\" alt=\"\" loading=\"lazy\" srcset=\"https:\/\/szentandrasivizsla.hu\/wp-content\/uploads\/2023\/09\/kutya2-1024x739.jpeg 1024w, https:\/\/szentandrasivizsla.hu\/wp-content\/uploads\/2023\/09\/kutya2-300x217.jpeg 300w, https:\/\/szentandrasivizsla.hu\/wp-content\/uploads\/2023\/09\/kutya2-768x554.jpeg 768w, https:\/\/szentandrasivizsla.hu\/wp-content\/uploads\/2023\/09\/kutya2-1536x1109.jpeg 1536w, https:\/\/szentandrasivizsla.hu\/wp-content\/uploads\/2023\/09\/kutya2-2048x1478.jpeg 2048w\" sizes=\"(max-width: 640px) 100vw, 640px\" \/>\t\t\t\t\t\t\t\t\t\t\t\t\t\t\t<\/div>\n\t\t\t\t<\/div>\n\t\t\t\t\t<\/div>\n\t\t<\/div>\n\t\t\t\t<div class=\"elementor-column elementor-col-50 elementor-top-column elementor-element elementor-element-504531d elementor-invisible\" data-id=\"504531d\" data-element_type=\"column\" data-settings=\"{&quot;animation&quot;:&quot;fadeIn&quot;}\">\n\t\t\t<div class=\"elementor-widget-wrap elementor-element-populated\">\n\t\t\t\t\t\t\t\t<div class=\"elementor-element elementor-element-e81150f elementor-widget elementor-widget-text-editor\" data-id=\"e81150f\" data-element_type=\"widget\" data-widget_type=\"text-editor.default\">\n\t\t\t\t<div class=\"elementor-widget-container\">\n\t\t\t\t\t\t\t<p>Since Mango regularly achieves good results at exhibitions and works excellently on hunts,\nwe decided that we would like to continue to inherit this breed and Mango&#039;s excellent\nqualities. Our goal is to share all this knowledge with others and help promote the Hungarian\nVizsla breed. We can proudly announce that we are planning Mango&#039;s first litter for\nDecember 2023.<\/p>\t\t\t\t\t\t<\/div>\n\t\t\t\t<\/div>\n\t\t\t\t\t<\/div>\n\t\t<\/div>\n\t\t\t\t\t\t\t<\/div>\n\t\t<\/section>\n\t\t\t\t<section class=\"elementor-section elementor-top-section elementor-element elementor-element-d147c9e elementor-section-boxed elementor-section-height-default elementor-section-height-default\" data-id=\"d147c9e\" data-element_type=\"section\">\n\t\t\t\t\t\t<div class=\"elementor-container elementor-column-gap-default\">\n\t\t\t\t\t<div class=\"elementor-column elementor-col-50 elementor-top-column elementor-element elementor-element-2f10413 elementor-invisible\" data-id=\"2f10413\" data-element_type=\"column\" data-settings=\"{&quot;animation&quot;:&quot;fadeIn&quot;}\">\n\t\t\t<div class=\"elementor-widget-wrap elementor-element-populated\">\n\t\t\t\t\t\t\t\t<div class=\"elementor-element elementor-element-51d3c95 elementor-widget elementor-widget-text-editor\" data-id=\"51d3c95\" data-element_type=\"widget\" data-widget_type=\"text-editor.default\">\n\t\t\t\t<div class=\"elementor-widget-container\">\n\t\t\t\t\t\t\tThank you for visiting our website. We look forward to future contact, be it exhibitions,\nhunts, or just a simple visit to our kennel, where you can gain an insight into how we live\nwith our dogs.\t\t\t\t\t\t<\/div>\n\t\t\t\t<\/div>\n\t\t\t\t<div class=\"elementor-element elementor-element-720979d elementor-widget elementor-widget-heading\" data-id=\"720979d\" data-element_type=\"widget\" data-widget_type=\"heading.default\">\n\t\t\t\t<div class=\"elementor-widget-container\">\n\t\t\t<h2 class=\"elementor-heading-title elementor-size-default\">Best regards,<\/h2>\t\t<\/div>\n\t\t\t\t<\/div>\n\t\t\t\t<div class=\"elementor-element elementor-element-c4889aa elementor-widget elementor-widget-heading\" data-id=\"c4889aa\" data-element_type=\"widget\" data-widget_type=\"heading.default\">\n\t\t\t\t<div class=\"elementor-widget-container\">\n\t\t\t<h2 class=\"elementor-heading-title elementor-size-default\">Gabi Haluza-Kom\u00e1romi<\/h2>\t\t<\/div>\n\t\t\t\t<\/div>\n\t\t\t\t<div class=\"elementor-element elementor-element-2726d7c elementor-widget elementor-widget-heading\" data-id=\"2726d7c\" data-element_type=\"widget\" data-widget_type=\"heading.default\">\n\t\t\t\t<div class=\"elementor-widget-container\">\n\t\t\t<h4 class=\"elementor-heading-title elementor-size-default\">founder of Szentandr\u00e1si Bajnok Magyar Vizsla Kennel<\/h4>\t\t<\/div>\n\t\t\t\t<\/div>\n\t\t\t\t\t<\/div>\n\t\t<\/div>\n\t\t\t\t<div class=\"elementor-column elementor-col-50 elementor-top-column elementor-element elementor-element-1f0ceec elementor-invisible\" data-id=\"1f0ceec\" data-element_type=\"column\" data-settings=\"{&quot;animation&quot;:&quot;fadeInRight&quot;}\">\n\t\t\t<div class=\"elementor-widget-wrap elementor-element-populated\">\n\t\t\t\t\t\t\t\t<div class=\"elementor-element elementor-element-fe8f876 elementor-widget elementor-widget-image\" data-id=\"fe8f876\" data-element_type=\"widget\" data-widget_type=\"image.default\">\n\t\t\t\t<div class=\"elementor-widget-container\">\n\t\t\t\t\t\t\t\t\t\t\t\t\t\t\t<img decoding=\"async\" width=\"640\" height=\"427\" src=\"https:\/\/szentandrasivizsla.hu\/wp-content\/uploads\/2023\/09\/kutya1-1024x683.jpeg\" class=\"attachment-large size-large wp-image-88\" alt=\"\" loading=\"lazy\" srcset=\"https:\/\/szentandrasivizsla.hu\/wp-content\/uploads\/2023\/09\/kutya1-1024x683.jpeg 1024w, https:\/\/szentandrasivizsla.hu\/wp-content\/uploads\/2023\/09\/kutya1-300x200.jpeg 300w, https:\/\/szentandrasivizsla.hu\/wp-content\/uploads\/2023\/09\/kutya1-768x512.jpeg 768w, https:\/\/szentandrasivizsla.hu\/wp-content\/uploads\/2023\/09\/kutya1-1536x1024.jpeg 1536w, https:\/\/szentandrasivizsla.hu\/wp-content\/uploads\/2023\/09\/kutya1-2048x1365.jpeg 2048w\" sizes=\"(max-width: 640px) 100vw, 640px\" \/>\t\t\t\t\t\t\t\t\t\t\t\t\t\t\t<\/div>\n\t\t\t\t<\/div>\n\t\t\t\t\t<\/div>\n\t\t<\/div>\n\t\t\t\t\t\t\t<\/div>\n\t\t<\/section>\n\t\t\t\t\t\t\t<\/div>","protected":false},"excerpt":{"rendered":"<p>\u00dcdv\u00f6z\u00f6llek a Szentandr\u00e1si Bajnok Magyar Vizsla Kennel weboldal\u00e1n Haluza-Kom\u00e1romi Gabi vagyok, a kennel alap\u00edt\u00f3ja. F\u00e9rjemmel \u00e9s a k\u00e9t tini l\u00e1nyommal a fest\u0151i sz\u00e9ps\u00e9g\u0171 Bajon \u00e9l\u00fcnk, Tata mellett, a Gerecse l\u00e1b\u00e1n\u00e1l, ahol a Szent Andr\u00e1s d\u0171l\u0151 ihlette nev\u00e9t kennel\u00fcnknek. Mi nem csup\u00e1n gazdik vagyunk, hanem egy akt\u00edv, sportot \u00e9s kir\u00e1ndul\u00e1sokat kedvel\u0151 csal\u00e1d, ahol kuty\u00e1ink \u2013 Deres [&hellip;]<\/p>","protected":false},"author":1,"featured_media":477,"parent":0,"menu_order":0,"comment_status":"closed","ping_status":"closed","template":"","meta":{"_monsterinsights_skip_tracking":false,"_monsterinsights_sitenote_active":false,"_monsterinsights_sitenote_note":"","_monsterinsights_sitenote_category":0},"yoast_head":"<!-- This site is optimized with the Yoast SEO plugin v21.0 - https:\/\/yoast.com\/wordpress\/plugins\/seo\/ -->\n<title>Kezd\u0151oldal - szentandrasivizsla.hu<\/title>\n<meta name=\"description\" content=\"A Szentandr\u00e1si Bajnok Magyar Vizsla kennel oldala.\" \/>\n<meta name=\"robots\" content=\"index, follow, max-snippet:-1, max-image-preview:large, max-video-preview:-1\" \/>\n<link rel=\"canonical\" href=\"https:\/\/szentandrasivizsla.hu\/en\/\" \/>\n<meta property=\"og:locale\" content=\"en_US\" \/>\n<meta property=\"og:type\" content=\"article\" \/>\n<meta property=\"og:title\" content=\"Kezd\u0151oldal - szentandrasivizsla.hu\" \/>\n<meta property=\"og:description\" content=\"A Szentandr\u00e1si Bajnok Magyar Vizsla kennel oldala.\" \/>\n<meta property=\"og:url\" content=\"https:\/\/szentandrasivizsla.hu\/en\/\" \/>\n<meta property=\"og:site_name\" content=\"szentandrasivizsla.hu\" \/>\n<meta property=\"article:modified_time\" content=\"2024-04-03T07:52:55+00:00\" \/>\n<meta property=\"og:image\" content=\"https:\/\/szentandrasivizsla.hu\/wp-content\/uploads\/2023\/09\/cropped-logo-1.png\" \/>\n\t<meta property=\"og:image:width\" content=\"512\" \/>\n\t<meta property=\"og:image:height\" content=\"512\" \/>\n\t<meta property=\"og:image:type\" content=\"image\/png\" \/>\n<meta name=\"twitter:card\" content=\"summary_large_image\" \/>\n<meta name=\"twitter:label1\" content=\"Est. reading time\" \/>\n\t<meta name=\"twitter:data1\" content=\"2 minutes\" \/>\n<script type=\"application\/ld+json\" class=\"yoast-schema-graph\">{\"@context\":\"https:\/\/schema.org\",\"@graph\":[{\"@type\":\"WebPage\",\"@id\":\"https:\/\/szentandrasivizsla.hu\/\",\"url\":\"https:\/\/szentandrasivizsla.hu\/\",\"name\":\"Kezd\u0151oldal - szentandrasivizsla.hu\",\"isPartOf\":{\"@id\":\"https:\/\/szentandrasivizsla.hu\/#website\"},\"datePublished\":\"2023-09-05T06:25:53+00:00\",\"dateModified\":\"2024-04-03T07:52:55+00:00\",\"description\":\"A Szentandr\u00e1si Bajnok Magyar Vizsla kennel oldala.\",\"breadcrumb\":{\"@id\":\"https:\/\/szentandrasivizsla.hu\/#breadcrumb\"},\"inLanguage\":\"en-US\",\"potentialAction\":[{\"@type\":\"ReadAction\",\"target\":[\"https:\/\/szentandrasivizsla.hu\/\"]}]},{\"@type\":\"BreadcrumbList\",\"@id\":\"https:\/\/szentandrasivizsla.hu\/#breadcrumb\",\"itemListElement\":[{\"@type\":\"ListItem\",\"position\":1,\"name\":\"Home\",\"item\":\"https:\/\/szentandrasivizsla.hu\/\"},{\"@type\":\"ListItem\",\"position\":2,\"name\":\"Kezd\u0151oldal\"}]},{\"@type\":\"WebSite\",\"@id\":\"https:\/\/szentandrasivizsla.hu\/#website\",\"url\":\"https:\/\/szentandrasivizsla.hu\/\",\"name\":\"szentandrasivizsla.hu\",\"description\":\"Szentandr\u00e1si Vizsla\",\"publisher\":{\"@id\":\"https:\/\/szentandrasivizsla.hu\/#\/schema\/person\/ddaf5a15b8e0e8a4ede9d90824b29eea\"},\"potentialAction\":[{\"@type\":\"SearchAction\",\"target\":{\"@type\":\"EntryPoint\",\"urlTemplate\":\"https:\/\/szentandrasivizsla.hu\/?s={search_term_string}\"},\"query-input\":\"required name=search_term_string\"}],\"inLanguage\":\"en-US\"},{\"@type\":[\"Person\",\"Organization\"],\"@id\":\"https:\/\/szentandrasivizsla.hu\/#\/schema\/person\/ddaf5a15b8e0e8a4ede9d90824b29eea\",\"name\":\"szentandrasivizsla\",\"image\":{\"@type\":\"ImageObject\",\"inLanguage\":\"en-US\",\"@id\":\"https:\/\/szentandrasivizsla.hu\/#\/schema\/person\/image\/\",\"url\":\"https:\/\/szentandrasivizsla.hu\/wp-content\/uploads\/2023\/09\/szentandrasi_bajnok_logo-2-scaled.jpg\",\"contentUrl\":\"https:\/\/szentandrasivizsla.hu\/wp-content\/uploads\/2023\/09\/szentandrasi_bajnok_logo-2-scaled.jpg\",\"width\":2560,\"height\":1046,\"caption\":\"szentandrasivizsla\"},\"logo\":{\"@id\":\"https:\/\/szentandrasivizsla.hu\/#\/schema\/person\/image\/\"},\"sameAs\":[\"http:\/\/szentandrasivizsla.hu\"]}]}<\/script>\n<!-- \/ Yoast SEO plugin. -->","yoast_head_json":{"title":"Kezd\u0151oldal - szentandrasivizsla.hu","description":"A Szentandr\u00e1si Bajnok Magyar Vizsla kennel oldala.","robots":{"index":"index","follow":"follow","max-snippet":"max-snippet:-1","max-image-preview":"max-image-preview:large","max-video-preview":"max-video-preview:-1"},"canonical":"https:\/\/szentandrasivizsla.hu\/en\/","og_locale":"en_US","og_type":"article","og_title":"Kezd\u0151oldal - szentandrasivizsla.hu","og_description":"A Szentandr\u00e1si Bajnok Magyar Vizsla kennel oldala.","og_url":"https:\/\/szentandrasivizsla.hu\/en\/","og_site_name":"szentandrasivizsla.hu","article_modified_time":"2024-04-03T07:52:55+00:00","og_image":[{"width":512,"height":512,"url":"https:\/\/szentandrasivizsla.hu\/wp-content\/uploads\/2023\/09\/cropped-logo-1.png","type":"image\/png"}],"twitter_card":"summary_large_image","twitter_misc":{"Est. reading time":"2 minutes"},"schema":{"@context":"https:\/\/schema.org","@graph":[{"@type":"WebPage","@id":"https:\/\/szentandrasivizsla.hu\/","url":"https:\/\/szentandrasivizsla.hu\/","name":"Kezd\u0151oldal - szentandrasivizsla.hu","isPartOf":{"@id":"https:\/\/szentandrasivizsla.hu\/#website"},"datePublished":"2023-09-05T06:25:53+00:00","dateModified":"2024-04-03T07:52:55+00:00","description":"A Szentandr\u00e1si Bajnok Magyar Vizsla kennel oldala.","breadcrumb":{"@id":"https:\/\/szentandrasivizsla.hu\/#breadcrumb"},"inLanguage":"en-US","potentialAction":[{"@type":"ReadAction","target":["https:\/\/szentandrasivizsla.hu\/"]}]},{"@type":"BreadcrumbList","@id":"https:\/\/szentandrasivizsla.hu\/#breadcrumb","itemListElement":[{"@type":"ListItem","position":1,"name":"Home","item":"https:\/\/szentandrasivizsla.hu\/"},{"@type":"ListItem","position":2,"name":"Kezd\u0151oldal"}]},{"@type":"WebSite","@id":"https:\/\/szentandrasivizsla.hu\/#website","url":"https:\/\/szentandrasivizsla.hu\/","name":"szentandrasivizsla.hu","description":"Szentandr\u00e1si Vizsla","publisher":{"@id":"https:\/\/szentandrasivizsla.hu\/#\/schema\/person\/ddaf5a15b8e0e8a4ede9d90824b29eea"},"potentialAction":[{"@type":"SearchAction","target":{"@type":"EntryPoint","urlTemplate":"https:\/\/szentandrasivizsla.hu\/?s={search_term_string}"},"query-input":"required name=search_term_string"}],"inLanguage":"en-US"},{"@type":["Person","Organization"],"@id":"https:\/\/szentandrasivizsla.hu\/#\/schema\/person\/ddaf5a15b8e0e8a4ede9d90824b29eea","name":"szentandrasivizsla","image":{"@type":"ImageObject","inLanguage":"en-US","@id":"https:\/\/szentandrasivizsla.hu\/#\/schema\/person\/image\/","url":"https:\/\/szentandrasivizsla.hu\/wp-content\/uploads\/2023\/09\/szentandrasi_bajnok_logo-2-scaled.jpg","contentUrl":"https:\/\/szentandrasivizsla.hu\/wp-content\/uploads\/2023\/09\/szentandrasi_bajnok_logo-2-scaled.jpg","width":2560,"height":1046,"caption":"szentandrasivizsla"},"logo":{"@id":"https:\/\/szentandrasivizsla.hu\/#\/schema\/person\/image\/"},"sameAs":["http:\/\/szentandrasivizsla.hu"]}]}},"_links":{"self":[{"href":"https:\/\/szentandrasivizsla.hu\/en\/wp-json\/wp\/v2\/pages\/5"}],"collection":[{"href":"https:\/\/szentandrasivizsla.hu\/en\/wp-json\/wp\/v2\/pages"}],"about":[{"href":"https:\/\/szentandrasivizsla.hu\/en\/wp-json\/wp\/v2\/types\/page"}],"author":[{"embeddable":true,"href":"https:\/\/szentandrasivizsla.hu\/en\/wp-json\/wp\/v2\/users\/1"}],"replies":[{"embeddable":true,"href":"https:\/\/szentandrasivizsla.hu\/en\/wp-json\/wp\/v2\/comments?post=5"}],"version-history":[{"count":6,"href":"https:\/\/szentandrasivizsla.hu\/en\/wp-json\/wp\/v2\/pages\/5\/revisions"}],"predecessor-version":[{"id":678,"href":"https:\/\/szentandrasivizsla.hu\/en\/wp-json\/wp\/v2\/pages\/5\/revisions\/678"}],"wp:featuredmedia":[{"embeddable":true,"href":"https:\/\/szentandrasivizsla.hu\/en\/wp-json\/wp\/v2\/media\/477"}],"wp:attachment":[{"href":"https:\/\/szentandrasivizsla.hu\/en\/wp-json\/wp\/v2\/media?parent=5"}],"curies":[{"name":"wp","href":"https:\/\/api.w.org\/{rel}","templated":true}]}}